{"id":91,"date":"2009-07-17T16:54:21","date_gmt":"2009-07-17T15:54:21","guid":{"rendered":"http:\/\/www.boswellia.org\/blog\/index.php\/aktuelles\/"},"modified":"2023-10-21T11:45:17","modified_gmt":"2023-10-21T10:45:17","slug":"aktuelles","status":"publish","type":"page","link":"http:\/\/www.boswellia.org\/blog\/aktuelles\/","title":{"rendered":"14. Aktuelles"},"content":{"rendered":"<p><strong>Weihrauch-Forschungsprojekte<\/strong><\/p>\n<p><strong>F\u00f6rderung durch den Bund &#8211; Bundesministerium f\u00fcr Wirtschaft und Technologie<\/strong><\/p>\n<p>Im Rahmen eines einzigartigen Kooperationsprojektes zwischen der Universit\u00e4t T\u00fcbingen, der Universit\u00e4t des Saarlandes und der von Apothekern gegr\u00fcndeten AureliaSan GmbH in T\u00fcbingen werden neue Extraktionsmethoden f\u00fcr Weihrauch-Harze und daraus resultierende Weihrauch-Extrakte erforscht, die geeignet sind, vor allem bei entz\u00fcndlichen Erkrankungen wie Neurodermitis, Psoriasis (Schuppenflechte) und rheumatoider Arthritis, eine therapeutische L\u00fccke zu schlie\u00dfen und die sich dar\u00fcber hinaus durch eine hohe Akzeptanz bei Anwendern sowie durch seri\u00f6se, wissenschaftliche Untersuchungen auszeichnet.<\/p>\n<p>Dieses Forschungsprojekt wird vom Bundesministerium f\u00fcr Wirtschaft und Technologie gef\u00f6rdert, wodurch 3 neue Arbeitspl\u00e4tze geschaffen werden konnten.<\/p>\n<p>Im Focus des Projektes steht ein optimaler Weihrauch-Extrakt, der qualitativ und quantitativ analysiert ist (<a title=\"Analytik innovativer Weihrauch-Extrakte\" href=\"http:\/\/www.uni-saarland.de\/campus\/fakultaeten\/professuren\/naturwissenschaftlich-technische-fakultaet-iii\/chemie\/professuren-fr-81-chemie\/prof-dr-johann-jauch\/mitarbeiter\/michael-paul.html\" target=\"_blank\" rel=\"noopener noreferrer\">Universit\u00e4t des Saarlandes<\/a>) und eine hohe Wirksamkeit aufweist, die in modernsten wissenschaftlichen Test-Modellen best\u00e4tigt wird (<a href=\"http:\/\/www.uni-tuebingen.de\/fakultaeten\/fakultaet-fuer-chemie-und-pharmazie\/pharmazie\/pharmazeutische-chemie\/prof-dr-oliver-werz.html\" target=\"_blank\" rel=\"noopener noreferrer\">Universit\u00e4t T\u00fcbingen<\/a>).<\/p>\n<p>Sowohl die Herstellung des idealen Weihrauch-Extraktes als auch die Herstellung von Pr\u00e4paraten zur dermalen Anwendung obliegt im Rahmen dieses Projektes der <a title=\"Weihrauch-Forschung und Extrakt-Herstellung zur Anwendung auf der Haut bei Psoriasis, Neurodermitis und Arthritis\" href=\"http:\/\/www.aureliasan.de\" target=\"_blank\" rel=\"noopener noreferrer\">AureliaSan GmbH<\/a>.<\/p>\n<p>Die Forschungsarbeiten in T\u00fcbingen werden unterst\u00fctzt durch den Forschungspreis der <a title=\"http:\/\/www.hbb-stiftung-diabetes.de\" href=\"http:\/\/www.hbb-stiftung-diabetes.de\" target=\"_blank\" rel=\"noopener noreferrer\">Dr. Dr. h.c. B\u00fcrger-B\u00fcsing-Stiftung<\/a> zur Erforschung und Behandlung des Diabetes mellitus sowie der Deutschen Diabetes Stiftung.<\/p>\n","protected":false},"excerpt":{"rendered":"<p>Weihrauch-Forschungsprojekte F\u00f6rderung durch den Bund &#8211; Bundesministerium f\u00fcr Wirtschaft und Technologie Im Rahmen eines einzigartigen Kooperationsprojektes zwischen der Universit\u00e4t T\u00fcbingen, der Universit\u00e4t des Saarlandes und der von Apothekern gegr\u00fcndeten AureliaSan GmbH in T\u00fcbingen werden neue Extraktionsmethoden f\u00fcr Weihrauch-Harze und daraus resultierende Weihrauch-Extrakte erforscht, die geeignet sind, vor allem bei entz\u00fcndlichen Erkrankungen wie Neurodermitis, Psoriasis (Schuppenflechte) [&hellip;]<\/p>\n","protected":false},"author":2,"featured_media":0,"parent":0,"menu_order":14,"comment_status":"closed","ping_status":"closed","template":"","meta":[],"_links":{"self":[{"href":"http:\/\/www.boswellia.org\/blog\/wp-json\/wp\/v2\/pages\/91"}],"collection":[{"href":"http:\/\/www.boswellia.org\/blog\/wp-json\/wp\/v2\/pages"}],"about":[{"href":"http:\/\/www.boswellia.org\/blog\/wp-json\/wp\/v2\/types\/page"}],"author":[{"embeddable":true,"href":"http:\/\/www.boswellia.org\/blog\/wp-json\/wp\/v2\/users\/2"}],"replies":[{"embeddable":true,"href":"http:\/\/www.boswellia.org\/blog\/wp-json\/wp\/v2\/comments?post=91"}],"version-history":[{"count":10,"href":"http:\/\/www.boswellia.org\/blog\/wp-json\/wp\/v2\/pages\/91\/revisions"}],"predecessor-version":[{"id":768,"href":"http:\/\/www.boswellia.org\/blog\/wp-json\/wp\/v2\/pages\/91\/revisions\/768"}],"wp:attachment":[{"href":"http:\/\/www.boswellia.org\/blog\/wp-json\/wp\/v2\/media?parent=91"}],"curies":[{"name":"wp","href":"https:\/\/api.w.org\/{rel}","templated":true}]}}