{"id":6,"date":"2008-11-06T12:25:45","date_gmt":"2008-11-06T11:25:45","guid":{"rendered":"http:\/\/jobs.aureliasan.localhost\/2008\/ammon.de\/?page_id=6"},"modified":"2023-10-21T11:49:24","modified_gmt":"2023-10-21T10:49:24","slug":"medizinische-verwendung-von-weihrauch-in-der-vergangenheit","status":"publish","type":"page","link":"https:\/\/www.boswellia.org\/blog\/medizinische-verwendung-von-weihrauch-in-der-vergangenheit\/","title":{"rendered":"6. Medizinische Verwendung in der Vergangenheit"},"content":{"rendered":"<h3><strong>Anwendung von indischem Weihrauch (salai guggal) in der traditionellen Medizin des Ayurveda<\/strong><\/h3>\n<ol>\n<li>Nervensystem\n<ul>\n<li>Tollheit<\/li>\n<li>Ohnmacht<\/li>\n<li>Epilepsie<\/li>\n<li>&#8222;Vertreibung von D\u00e4monen&#8220;<\/li>\n<li>Verwirrtheit<\/li>\n<li>Ruhelosigkeit<\/li>\n<li>Wahnsinn<\/li>\n<li>um Wohlbefinden zu erzeugen<\/li>\n<\/ul>\n<\/li>\n<li>Atemwege\n<ul>\n<li>Husten<\/li>\n<li>Heiserkeit<\/li>\n<li>Schnupfen<\/li>\n<li>Atemnot<\/li>\n<li>L\u00f6sung von Schleim<\/li>\n<\/ul>\n<\/li>\n<li>Magen-Darm-Kanal\n<ul>\n<li>Durchfall<\/li>\n<li>&#8222;Schlimme Winde&#8220;<\/li>\n<li>Stuhlverhaltung<\/li>\n<li>Erbrechen<\/li>\n<li>Verf\u00e4rbter Stuhl<\/li>\n<\/ul>\n<\/li>\n<li>Gyn\u00e4kologie\n<ul>\n<li>Uteruserkrankungen<\/li>\n<li>Geschlechtskrankheiten<\/li>\n<li>Verbesserung der weiblichen Fruchtbarkeit<\/li>\n<\/ul>\n<\/li>\n<li>Haut\n<ul>\n<li>Haarerkrankungen<\/li>\n<li>Hautausschlag<\/li>\n<li>Juckreiz<\/li>\n<li>Blasse Haut<\/li>\n<li>Verbesserung der Wundheilung<\/li>\n<\/ul>\n<\/li>\n<\/ol>\n<p>(aus ayurvedischen Texten: Charaka Samhita, 1.-2. Jahrhundert nach Christus; Astangahrdaya Samhita, 7. Jahrhundert)<\/p>\n<h3><strong>Anwendung von Weihrauch im Altertum<\/strong><\/h3>\n<ol>\n<li>Atemwege\n<ul>\n<li>Mandelentz\u00fcndung (Hippokrates, Celsus)<\/li>\n<li>Erkrankungen der Luftr\u00f6hre (Hippokrates, Celsus)<\/li>\n<li>Katarrh (Galen, Marcellus)<\/li>\n<li>Husten (Galen, Marcellus)<\/li>\n<li>Heiserkeit (Galen, Marcellus)<\/li>\n<\/ul>\n<\/li>\n<li>Magen-Darm-Kanal\n<ul>\n<li>Verstopfung (Hippokrates)<\/li>\n<li>Geschw\u00fcre im After, Blutungen und Entz\u00fcndungen (Diskurides, Celsus)<\/li>\n<li>B\u00f6sartige Abszesse (Dioskurides, Celsus)<\/li>\n<li>Chronische Magenleiden (Marcellus)<\/li>\n<li>Blutspucken (Celsus)<\/li>\n<li>Gelbsucht (Dioskurides)<\/li>\n<\/ul>\n<\/li>\n<li>Gyn\u00e4kologie\/ Andrologie\n<ul>\n<li>Reinigung der W\u00f6chnerin<\/li>\n<li>Erkrankungen der Geschlechtsteile<\/li>\n<li>&#8222;Erkrankungen der edlen Eingeweideteile&#8220;<\/li>\n<\/ul>\n<\/li>\n<li>Bewegungsapparat\n<ul>\n<li>Gicht (Celsus)<\/li>\n<li>L\u00e4hmungen (Celsus)<\/li>\n<\/ul>\n<\/li>\n<li>Haut\n<ul>\n<li>Wundreinigung (Hippokrates)<\/li>\n<li>Austrocknendes, \u00e4tzendes Mittel (Hippokrates, Celsus)<\/li>\n<li>&#8222;Pflaster gegen das heilige Feuer&#8220; (Celsus)<\/li>\n<li>Verkleben von Wunden (Celsus)<\/li>\n<li>F\u00f6rderung der Wundvernarbung (Celsus, Hippokrates)<\/li>\n<li>Feuchter Brand (Celsus)<\/li>\n<li>Feigwarzen am After (Celsus)<\/li>\n<li>Brandwunden (Hippokrates, Celsus)<\/li>\n<li>Frostbeulen (Hippokrates, Celsus)<\/li>\n<li>Hautkn\u00f6tchen (Celsus)<\/li>\n<li>B\u00f6sartige Hautausschl\u00e4ge (Dioskurides)<\/li>\n<li>Kr\u00e4tze (Dioskurides)<\/li>\n<li>Schuppenflechte (Celsus)<\/li>\n<li>Warzen (Dioskurides)<\/li>\n<li>Entz\u00fcndungen der Brust (Dioskurides)<\/li>\n<li>Entz\u00fcndungen der Fingern\u00e4gel (Dioskurides)<\/li>\n<li>Verdickung im Gesicht (Serenus Samonicus)<\/li>\n<li>Wucherungen am Mund (Serenus Samonicus)<\/li>\n<\/ul>\n<\/li>\n<li>Ohr\n<ul>\n<li>Ohrentz\u00fcndung (Celsus)<\/li>\n<li>Vereiterte Ohren (Celsus, Dioskurides)<\/li>\n<li>Ohrengeschw\u00fcre (Celsus)<\/li>\n<li>Ohrenquetschungen (Dioskurides)<\/li>\n<\/ul>\n<\/li>\n<li>Auge\n<ul>\n<li>Alle Sch\u00e4digungen des Auges (Marcellus)<\/li>\n<li>Blutunterlaufene Stellen unter dem Auge (Celsus, Marcellus)<\/li>\n<li>Triefaugen (Celsus, Marcellus)<\/li>\n<li>Narben am Auge (Celsus)<\/li>\n<li>Dunkle Stellen auf den Pupillen (Dioskurides)<\/li>\n<\/ul>\n<\/li>\n<li>Gewebeneubildungen\n<ul>\n<li>Tumore<\/li>\n<li>Geschw\u00fclste (Celsus)<\/li>\n<li>Ohrengeschw\u00fcre (Celsus)<\/li>\n<li>Krebsartige Geschw\u00fcre (Celsus)<\/li>\n<\/ul>\n<\/li>\n<\/ol>\n<p>(aus: D. Martinez, K. Lohs, J. Janzen: Weihrauch und Myrrhe, Wiss. Verl. Ges. Stuttgart, 1988)<\/p>\n<h3><strong>Anwendung von Weihrauch im Mittelalter<\/strong><\/h3>\n<ol>\n<li>Nervensystem\n<ul>\n<li>Stimulans<\/li>\n<li>Ged\u00e4chtnisst\u00e4rkung<\/li>\n<\/ul>\n<\/li>\n<li>Atemwege\n<ul>\n<li>Katarrh<\/li>\n<li>Kalter Husten<\/li>\n<li>Nasenbluten<\/li>\n<li>Bronchitis<\/li>\n<li>Lungenleiden<\/li>\n<li>Kehlkopfentz\u00fcndungen<\/li>\n<\/ul>\n<\/li>\n<li>Magen-Darm-Kanal\n<ul>\n<li>Rote Ruhr<\/li>\n<li>Erbrechen<\/li>\n<li>Magenschmerzen<\/li>\n<li>Blutspeien<\/li>\n<li>Diarrhoe<\/li>\n<\/ul>\n<\/li>\n<li>Gyn\u00e4kologie\/ Andrologie\n<ul>\n<li>Brustdr\u00fcsenschwellung stillender Frauen<\/li>\n<li>Gonorrhoe<\/li>\n<\/ul>\n<\/li>\n<li>Haut\n<ul>\n<li>Wundheilung<\/li>\n<li>Hautreinigung<\/li>\n<li>Geschw\u00fcre<\/li>\n<li>Abszesse<\/li>\n<li>Erfrorene F\u00fc\u00dfe<\/li>\n<li>Wassersucht<\/li>\n<\/ul>\n<\/li>\n<\/ol>\n<p>(aus: D. Martinez, K. Lohs, J. Janzen: Weihrauch und Myrrhe, Wiss. Verl. Ges. Stuttgart, 1988)<\/p>\n<h3><strong>Anwendung von Weihrauch in der Neuzeit<\/strong><\/h3>\n<p><strong>Medizinische Anwendung von Weihrauch (Olibanum) auf der Basis historischer \u00dcberlieferungen<\/strong><\/p>\n<ol>\n<li>Atemwege\n<ul>\n<li>Katarrh<\/li>\n<li>Heiserkeit<\/li>\n<li>Entz\u00fcndungen der Rachenschleimhaut<\/li>\n<\/ul>\n<\/li>\n<li>Magen-Darm-Kanal\n<ul>\n<li>Diarrhoe<\/li>\n<li>Blasenleiden<\/li>\n<li>Magenschw\u00e4che<\/li>\n<\/ul>\n<\/li>\n<li>Nieren und ableitende Harnwege\n<ul>\n<li>Blasenleiden<\/li>\n<li>Nierenleiden<\/li>\n<\/ul>\n<\/li>\n<li>Gyn\u00e4kologie\/ Andrologie\n<ul>\n<li>Wei\u00dffluss<\/li>\n<li>Gonorrhoe<\/li>\n<li>Abszesse im Beckenbindegewebe<\/li>\n<li>Entz\u00fcndungen von Eierstock und Eileitern<\/li>\n<\/ul>\n<\/li>\n<li>Bewegungsapparat\n<ul>\n<li>Gicht<\/li>\n<li>Rheuma<\/li>\n<\/ul>\n<\/li>\n<li>Haut\n<ul>\n<li>Furunkel<\/li>\n<li>Geschw\u00fcre<\/li>\n<li>Eitrige Entz\u00fcndungen<\/li>\n<\/ul>\n<\/li>\n<li>Gewebeneubildungen\n<ul>\n<li>Geschw\u00fclste<\/li>\n<li>Verh\u00e4rtungen<\/li>\n<\/ul>\n<\/li>\n<\/ol>\n<p>(beschrieben von Madaus, 1938)<\/p>\n<h3><strong>Anwendung von Weihrauch in der Therapie von Gewebeneubildungen<\/strong><\/h3>\n<p><strong>Anwendung in Form von Pasten, Ru\u00df, Salben, Pflastern, Balsam, Pulvern und Getr\u00e4nken<\/strong><\/p>\n<ol>\n<li>Allgemein\n<ul>\n<li>Krebs<\/li>\n<li>Tumore<\/li>\n<li>Polypen<\/li>\n<li>Krebsartige Geschw\u00fcre<\/li>\n<\/ul>\n<\/li>\n<li>Atemwege\n<ul>\n<li>Nasenpolypen<\/li>\n<\/ul>\n<\/li>\n<li>Krebs, Verh\u00e4rtung im Magen-Darm-Kanal\n<ul>\n<li>Abdominaltumore<\/li>\n<li>Magen<\/li>\n<li>Innere Organe<\/li>\n<li>Leber<\/li>\n<li>Analtumore<\/li>\n<\/ul>\n<\/li>\n<li>Blut\/ Lymphe\n<ul>\n<li>Verh\u00e4rtung der Milz<\/li>\n<\/ul>\n<\/li>\n<li>Gyn\u00e4kologie\/ Andrologie\n<ul>\n<li>Uterusschwellungen<\/li>\n<li>Verh\u00e4rtung der Testikel<\/li>\n<li>Penistumore<\/li>\n<li>Brusttumore<\/li>\n<\/ul>\n<\/li>\n<li>Bewegungsapparat\n<ul>\n<li>Wildes Fleisch<\/li>\n<\/ul>\n<\/li>\n<li>Haut\n<ul>\n<li>Warzen<\/li>\n<li>Schwielen<\/li>\n<li>H\u00fchneraugen<\/li>\n<li>Condylome<\/li>\n<\/ul>\n<\/li>\n<li>Ohr\n<ul>\n<li>Tumore<\/li>\n<\/ul>\n<\/li>\n<li>Auge\n<ul>\n<li>Augentumore<\/li>\n<li>Tr\u00e4nendr\u00fcsentumore<\/li>\n<\/ul>\n<\/li>\n<\/ol>\n<p>(nach J. Hartwell (1968) in: D. Martinez, K. Lohs, J. Janzen: Weihrauch und Myrrhe, Wiss. Verl. Ges. Stuttgart, 1988)<\/p>\n","protected":false},"excerpt":{"rendered":"<p>Anwendung von indischem Weihrauch (salai guggal) in der traditionellen Medizin des Ayurveda Nervensystem Tollheit Ohnmacht Epilepsie &#8222;Vertreibung von D\u00e4monen&#8220; Verwirrtheit Ruhelosigkeit Wahnsinn um Wohlbefinden zu erzeugen Atemwege Husten Heiserkeit Schnupfen Atemnot L\u00f6sung von Schleim Magen-Darm-Kanal Durchfall &#8222;Schlimme Winde&#8220; Stuhlverhaltung Erbrechen Verf\u00e4rbter Stuhl Gyn\u00e4kologie Uteruserkrankungen Geschlechtskrankheiten Verbesserung der weiblichen Fruchtbarkeit Haut Haarerkrankungen Hautausschlag Juckreiz Blasse Haut [&hellip;]<\/p>\n","protected":false},"author":2,"featured_media":0,"parent":0,"menu_order":6,"comment_status":"closed","ping_status":"closed","template":"","meta":[],"_links":{"self":[{"href":"https:\/\/www.boswellia.org\/blog\/wp-json\/wp\/v2\/pages\/6"}],"collection":[{"href":"https:\/\/www.boswellia.org\/blog\/wp-json\/wp\/v2\/pages"}],"about":[{"href":"https:\/\/www.boswellia.org\/blog\/wp-json\/wp\/v2\/types\/page"}],"author":[{"embeddable":true,"href":"https:\/\/www.boswellia.org\/blog\/wp-json\/wp\/v2\/users\/2"}],"replies":[{"embeddable":true,"href":"https:\/\/www.boswellia.org\/blog\/wp-json\/wp\/v2\/comments?post=6"}],"version-history":[{"count":8,"href":"https:\/\/www.boswellia.org\/blog\/wp-json\/wp\/v2\/pages\/6\/revisions"}],"predecessor-version":[{"id":743,"href":"https:\/\/www.boswellia.org\/blog\/wp-json\/wp\/v2\/pages\/6\/revisions\/743"}],"wp:attachment":[{"href":"https:\/\/www.boswellia.org\/blog\/wp-json\/wp\/v2\/media?parent=6"}],"curies":[{"name":"wp","href":"https:\/\/api.w.org\/{rel}","templated":true}]}}